{"id":225,"date":"2023-11-26T10:24:43","date_gmt":"2023-11-26T10:24:43","guid":{"rendered":"https:\/\/bibiravintola.fi\/?page_id=225"},"modified":"2026-04-08T06:32:44","modified_gmt":"2026-04-08T06:32:44","slug":"lounas","status":"publish","type":"page","link":"https:\/\/bibiravintola.fi\/en\/lounas\/","title":{"rendered":"Lounas"},"content":{"rendered":"<div data-elementor-type=\"wp-page\" data-elementor-id=\"225\" class=\"elementor elementor-225\">\n\t\t\t\t<div class=\"elementor-element elementor-element-97224ee e-flex e-con-boxed e-con e-parent\" data-id=\"97224ee\" data-element_type=\"container\" data-e-type=\"container\" data-settings=\"{&quot;background_background&quot;:&quot;classic&quot;}\">\n\t\t\t\t\t<div class=\"e-con-inner\">\n\t\t<div class=\"elementor-element elementor-element-730fe3a e-con-full e-flex e-con e-child\" data-id=\"730fe3a\" data-element_type=\"container\" data-e-type=\"container\" data-settings=\"{&quot;background_background&quot;:&quot;classic&quot;}\">\n\t\t<div class=\"elementor-element elementor-element-6baeef0 e-con-full e-flex e-con e-child\" data-id=\"6baeef0\" data-element_type=\"container\" data-e-type=\"container\">\n\t\t\t\t<div class=\"elementor-element elementor-element-a5a6659 elementor-widget elementor-widget-shortcode\" data-id=\"a5a6659\" data-element_type=\"widget\" data-e-type=\"widget\" data-widget_type=\"shortcode.default\">\n\t\t\t\t<div class=\"elementor-widget-container\">\n\t\t\t\t\t\t\t<div class=\"elementor-shortcode\"><div class=\"lunch_list\"><h2>Maanantai<\/h2><div class=\"lunch-item\"><p>MA-PE klo 10:30-16:00<br \/>\r\nFesenjan-muhennos (G, L)<br \/>\r\n           My\u00f6s vegaanisena<br \/>\r\nJauhelihapihvi (L)<br \/>\r\nUunissa paistettua kanaa (G, L)<br \/>\r\nV\u00e4hint\u00e4\u00e4n kaksi erilaista riisisekoitusta (esim: T\u00e4hchin, \u00c4d\u00e4s-polo, Baghali-polo, ...) (G, L)<br \/>\r\nBasmatiriisi (G, L, V)<br \/>\r\nKasvispihvit: (esim: yrttipihvi, linssipihvi, perunapihvi, ...) (sis\u00e4lt\u00e4\u00e4 kananmunia, G, L, Vg)<br \/>\r\nJa 4 lis\u00e4\u00e4 ruokavaihtoehtoja p\u00e4iv\u00e4n ja kauden mukaan (sis\u00e4lt\u00e4\u00e4 2 lihalla ja 2 vegaanista).<br \/>\r\nP\u00e4iv\u00e4n keitto<br \/>\r\nSalaattip\u00f6yt\u00e4<br \/>\r\nTee, kahvi, j\u00e4lkiruoka<br \/>\r\n<br \/>\r\n\u06a9\u062a\u0644\u062a(L)<br \/>\r\n\u0641\u0633\u0646\u062c\u0627\u0646 (G, L)<br \/>\r\n              \u0647\u0645\u0686\u0646\u06cc\u0646 \u0628\u0647 \u0635\u0648\u0631\u062a \u0648\u06af\u0627\u0646<br \/>\r\n\u0645\u0631\u063a \u067e\u062e\u062a\u0647 \u0634\u062f\u0647 \u062f\u0631 \u0641\u0631 (G, L)<br \/>\r\n\u062d\u062f\u0627\u0642\u0644 \u062f\u0648 \u0646\u0648\u0639 \u0628\u0631\u0646\u062c \u0645\u062e\u0644\u0648\u0637 \u0645\u062a\u0641\u0627\u0648\u062a (\u0645\u062b\u0644: \u062a\u0647\u200c\u0686\u06cc\u0646\u060c \u0639\u062f\u0633\u200c\u067e\u0644\u0648\u060c \u0628\u0627\u0642\u0627\u0644\u06cc\u200c\u067e\u0644\u0648\u060c ...) (G, L)<br \/>\r\n\u067e\u0644\u0648 \u0633\u0641\u06cc\u062f (G, L, V)<br \/>\r\n\u06a9\u0648\u06a9\u0648: (\u0645\u062b\u0644: \u06a9\u0648\u06a9\u0648\u06cc \u0633\u0628\u0632\u06cc\u060c \u06a9\u0648\u06a9\u0648\u06cc \u0639\u062f\u0633\u060c \u06a9\u0648\u06a9\u0648\u06cc \u0633\u06cc\u0628\u200c\u0632\u0645\u06cc\u0646\u06cc\u060c ...) (\u062d\u0627\u0648\u06cc \u062a\u062e\u0645\u200c\u0645\u0631\u063a\u060c G, L, Vg)<br \/>\r\n\u0648 \u06f4 \u06af\u0632\u06cc\u0646\u0647 \u063a\u0630\u0627\u06cc\u06cc \u062f\u06cc\u06af\u0631 \u0628\u0631 \u0627\u0633\u0627\u0633 \u0631\u0648\u0632 \u0648 \u0641\u0635\u0644 .<br \/>\r\n(\u0634\u0627\u0645\u0644 \u06f2 \u06af\u0632\u06cc\u0646\u0647 \u0628\u0627 \u06af\u0648\u0634\u062a \u0648 \u06f2 \u06af\u0632\u06cc\u0646\u0647 \u0648\u06af\u0627\u0646).<br \/>\r\n\u0633\u0648\u067e \u0631\u0648\u0632<br \/>\r\n\u0633\u0627\u0644\u0627\u062f \u0628\u0627\u0631<br \/>\r\n\u0686\u0627\u06cc\u060c \u0642\u0647\u0648\u0647\u060c \u062f\u0633\u0631<br \/>\r\n<br \/>\r\nAikuiset: 13,99\u20ac<br \/>\r\nLapset: 9,99\u20ac<br \/>\r\nTai yht\u00e4 kallis kuin lounaskorttisi.<br \/>\r\n(ei lis\u00e4maksua)<br \/>\r\nLis\u00e4tietoja ruoista l\u00f6ytyy <a href=\"https:\/\/bibiravintola.fi\/en\/ruokalista\/\">t\u00e4\u00e4lt\u00e4<\/a><\/p><\/div><h2>Tiistai<\/h2><div class=\"lunch-item\"><p>MA-PE klo 10:30-16:00<br \/>\r\nGheymeh-muhennos (G, L)<br \/>\r\n             My\u00f6s vegaanisena<br \/>\r\nPaistettua Lohi\/tilapia-kalaa ( L)<br \/>\r\nMaksa-Pata (L)<br \/>\r\n<br \/>\r\nV\u00e4hint\u00e4\u00e4n kaksi erilaista riisisekoitusta (esim: T\u00e4hchin, \u00c4d\u00e4s-polo, Baghali-polo, ...) (G, L)<br \/>\r\nBasmatiriisi (G, L, V)<br \/>\r\nKasvispihvit: (esim: yrttipihvi, linssipihvi, perunapihvi, ...) (sis\u00e4lt\u00e4\u00e4 kananmunia, G, L, Vg)<br \/>\r\nJa 4 lis\u00e4\u00e4 ruokavaihtoehtoja p\u00e4iv\u00e4n ja kauden mukaan (sis\u00e4lt\u00e4\u00e4 2 lihalla ja 2 vegaanista).<br \/>\r\nP\u00e4iv\u00e4n keitto<br \/>\r\nSalaattip\u00f6yt\u00e4<br \/>\r\nTee, kahvi, j\u00e4lkiruoka<br \/>\r\n\u0642\u06cc\u0645\u0647(G, L)<br \/>\r\n\u0647\u0645\u0686\u0646\u06cc\u0646 \u0628\u0647 \u0635\u0648\u0631\u062a \u0648\u06af\u0627\u0646<br \/>\r\n\u062a\u06cc\u0644\u0627\u067e\u06cc\u0627 \u0633\u0631\u062e \u0634\u062f\u0647  ( L)<br \/>\r\n\u062c\u06af\u0631(L)<br \/>\r\n\u06a9\u062a\u0644\u062a(L)<br \/>\r\n\u062d\u062f\u0627\u0642\u0644 \u062f\u0648 \u0646\u0648\u0639 \u0628\u0631\u0646\u062c \u0645\u062e\u0644\u0648\u0637 \u0645\u062a\u0641\u0627\u0648\u062a (\u0645\u062b\u0644: \u062a\u0647\u200c\u0686\u06cc\u0646\u060c \u0639\u062f\u0633\u200c\u067e\u0644\u0648\u060c \u0628\u0627\u0642\u0627\u0644\u06cc\u200c\u067e\u0644\u0648\u060c ...) (G, L)<br \/>\r\n\u067e\u0644\u0648 \u0633\u0641\u06cc\u062f (G, L, V)<br \/>\r\n\u06a9\u0648\u06a9\u0648: (\u0645\u062b\u0644: \u06a9\u0648\u06a9\u0648\u06cc \u0633\u0628\u0632\u06cc\u060c \u06a9\u0648\u06a9\u0648\u06cc \u0639\u062f\u0633\u060c \u06a9\u0648\u06a9\u0648\u06cc \u0633\u06cc\u0628\u200c\u0632\u0645\u06cc\u0646\u06cc\u060c ...) (\u062d\u0627\u0648\u06cc \u062a\u062e\u0645\u200c\u0645\u0631\u063a\u060c G, L, Vg)<br \/>\r\n\u0648 \u06f4 \u06af\u0632\u06cc\u0646\u0647 \u063a\u0630\u0627\u06cc\u06cc \u062f\u06cc\u06af\u0631 \u0628\u0631 \u0627\u0633\u0627\u0633 \u0631\u0648\u0632 \u0648 \u0641\u0635\u0644 (\u0634\u0627\u0645\u0644 \u06f2 \u06af\u0632\u06cc\u0646\u0647 \u0628\u0627 \u06af\u0648\u0634\u062a \u0648 \u06f2 \u06af\u0632\u06cc\u0646\u0647 \u0648\u06af\u0627\u0646).<br \/>\r\n\u0633\u0648\u067e \u0631\u0648\u0632<br \/>\r\n\u0633\u0627\u0644\u0627\u062f \u0628\u0627\u0631<br \/>\r\n\u0686\u0627\u06cc\u060c \u0642\u0647\u0648\u0647\u060c \u062f\u0633\u0631<br \/>\r\nAikuiset: 13,99\u20ac<br \/>\r\nLapset: 9,99\u20ac<br \/>\r\nTai yht\u00e4 kallis kuin lounaskorttisi.<br \/>\r\n(ei lis\u00e4maksua)<br \/>\r\nLis\u00e4tietoja ruoista l\u00f6ytyy <a href=\"https:\/\/bibiravintola.fi\/en\/ruokalista\/\">t\u00e4\u00e4lt\u00e4<\/a><\/p><\/div><h2>Keskiviikko<\/h2><div class=\"lunch-item\"><p>MA-PE klo 10:30-16:00<br \/>\r\nkubideh kebab (G, L)<br \/>\r\nBamiyeh (Okra)- Muhennos (G, L)<br \/>\r\n                My\u00f6s vegaanisena<br \/>\r\nV\u00e4hint\u00e4\u00e4n kaksi erilaista riisisekoitusta (esim: T\u00e4hchin, \u00c4d\u00e4s-polo, Baghali-polo, ...) (G, L)<br \/>\r\nBasmatiriisi (G, L, V)<br \/>\r\nKasvispihvit: (esim: yrttipihvi, linssipihvi, perunapihvi, ...) (sis\u00e4lt\u00e4\u00e4 kananmunia, G, L, Vg)<br \/>\r\nJa 4 lis\u00e4\u00e4 ruokavaihtoehtoja p\u00e4iv\u00e4n ja kauden mukaan (sis\u00e4lt\u00e4\u00e4 2 lihalla ja 2 vegaanista).<br \/>\r\nP\u00e4iv\u00e4n keitto<br \/>\r\nSalaattip\u00f6yt\u00e4<br \/>\r\nTee, kahvi, j\u00e4lkiruoka<br \/>\r\n<br \/>\r\n\u062e\u0648\u0631\u0634 \u0628\u0627\u0645\u06cc\u0647(G, L)<br \/>\r\n\u06a9\u0648\u0628\u06cc\u062f\u0647 (G, L)<br \/>\r\n           \u0647\u0645\u0686\u0646\u06cc\u0646 \u0628\u0647 \u0635\u0648\u0631\u062a \u0648\u06af\u0627\u0646<br \/>\r\n\u0645\u0631\u063a \u067e\u062e\u062a\u0647 \u0634\u062f\u0647 \u062f\u0631 \u0641\u0631 (G, L)<br \/>\r\n\u062d\u062f\u0627\u0642\u0644 \u062f\u0648 \u0646\u0648\u0639 \u0628\u0631\u0646\u062c \u0645\u062e\u0644\u0648\u0637 \u0645\u062a\u0641\u0627\u0648\u062a (\u0645\u062b\u0644: \u062a\u0647\u200c\u0686\u06cc\u0646\u060c \u0639\u062f\u0633\u200c\u067e\u0644\u0648\u060c \u0628\u0627\u0642\u0627\u0644\u06cc\u200c\u067e\u0644\u0648\u060c ...) (G, L)<br \/>\r\n\u0628\u0631\u0646\u062c \u0628\u0627\u0633\u0645\u0627\u062a\u06cc (G, L, V)<br \/>\r\n\u06a9\u0648\u06a9\u0648: (\u0645\u062b\u0644: \u06a9\u0648\u06a9\u0648\u06cc \u0633\u0628\u0632\u06cc\u060c \u06a9\u0648\u06a9\u0648\u06cc \u0639\u062f\u0633\u060c \u06a9\u0648\u06a9\u0648\u06cc \u0633\u06cc\u0628\u200c\u0632\u0645\u06cc\u0646\u06cc\u060c ...) (\u062d\u0627\u0648\u06cc \u062a\u062e\u0645\u200c\u0645\u0631\u063a\u060c G, L, Vg)<br \/>\r\n\u0648 \u06f4 \u06af\u0632\u06cc\u0646\u0647 \u063a\u0630\u0627\u06cc\u06cc \u062f\u06cc\u06af\u0631 \u0628\u0631 \u0627\u0633\u0627\u0633 \u0631\u0648\u0632 \u0648 \u0641\u0635\u0644 (\u0634\u0627\u0645\u0644 \u06f2 \u06af\u0632\u06cc\u0646\u0647 \u0628\u0627 \u06af\u0648\u0634\u062a \u0648 \u06f2 \u06af\u0632\u06cc\u0646\u0647 \u0648\u06af\u0627\u0646).<br \/>\r\n\u0633\u0648\u067e \u0631\u0648\u0632<br \/>\r\n\u0633\u0627\u0644\u0627\u062f \u0628\u0627\u0631<br \/>\r\n\u0686\u0627\u06cc\u060c \u0642\u0647\u0648\u0647\u060c \u062f\u0633\u0631<br \/>\r\n<br \/>\r\nAikuiset: 13,99\u20ac<br \/>\r\nLapset: 9,99\u20ac<br \/>\r\nTai yht\u00e4 kallis kuin lounaskorttisi.<br \/>\r\n(ei lis\u00e4maksua)<br \/>\r\nLis\u00e4tietoja ruoista l\u00f6ytyy <a href=\"https:\/\/bibiravintola.fi\/en\/ruokalista\/\">t\u00e4\u00e4lt\u00e4<\/a><\/p><\/div><h2>Torstai<\/h2><div class=\"lunch-item\"><p>MA-PE klo 10:30-16:00<br \/>\r\nK\u00e4r\u00e4fs-muhennos (G, L)<br \/>\r\nMy\u00f6s vegaanisena<br \/>\r\nUunissa paistettua kanaa (G, L)<br \/>\r\nV\u00e4hint\u00e4\u00e4n kaksi erilaista riisisekoitusta (esim: T\u00e4hchin, \u00c4d\u00e4s-polo, Baghali-polo, ...)<br \/>\r\n(G, L)<br \/>\r\nBasmatiriisi (G, L, V)<br \/>\r\nKasvispihvit: (esim: yrttipihvi, linssipihvi, perunapihvi, ...)<br \/>\r\n(sis\u00e4lt\u00e4\u00e4 kananmunia, G, L, Vg)<br \/>\r\nJa 4 lis\u00e4\u00e4 ruokavaihtoehtoja p\u00e4iv\u00e4n ja kauden mukaan<br \/>\r\n(sis\u00e4lt\u00e4\u00e4 2 lihalla ja 2 vegaanista).<br \/>\r\nP\u00e4iv\u00e4n keitto<br \/>\r\nSalaattip\u00f6yt\u00e4<br \/>\r\nTee, kahvi, j\u00e4lkiruoka<br \/>\r\n<br \/>\r\n\u06a9\u0631\u0641\u0633 (G, L)<br \/>\r\n\u0647\u0645\u0686\u0646\u06cc\u0646 \u0628\u0647 \u0635\u0648\u0631\u062a \u0648\u06af\u0627\u0646<br \/>\r\n\u0645\u0631\u063a \u067e\u062e\u062a\u0647 \u0634\u062f\u0647 \u062f\u0631 \u0641\u0631 (G, L)<br \/>\r\n\u062d\u062f\u0627\u0642\u0644 \u062f\u0648 \u0646\u0648\u0639 \u0628\u0631\u0646\u062c \u0645\u062e\u0644\u0648\u0637 \u0645\u062a\u0641\u0627\u0648\u062a (\u0645\u062b\u0644: \u062a\u0647\u200c\u0686\u06cc\u0646\u060c \u0639\u062f\u0633\u200c\u067e\u0644\u0648\u060c \u0628\u0627\u0642\u0627\u0644\u06cc\u200c\u067e\u0644\u0648\u060c ...) (G, L)<br \/>\r\n\u0628\u0631\u0646\u062c \u0628\u0627\u0633\u0645\u0627\u062a\u06cc (G, L, V)<br \/>\r\n\u06a9\u0648\u06a9\u0648: (\u0645\u062b\u0644: \u06a9\u0648\u06a9\u0648\u06cc \u0633\u0628\u0632\u06cc\u060c \u06a9\u0648\u06a9\u0648\u06cc \u0639\u062f\u0633\u060c \u06a9\u0648\u06a9\u0648\u06cc \u0633\u06cc\u0628\u200c\u0632\u0645\u06cc\u0646\u06cc\u060c ...) (\u062d\u0627\u0648\u06cc \u062a\u062e\u0645\u200c\u0645\u0631\u063a\u060c G, L, Vg)<br \/>\r\n\u0648 \u06f4 \u06af\u0632\u06cc\u0646\u0647 \u063a\u0630\u0627\u06cc\u06cc \u062f\u06cc\u06af\u0631 \u0628\u0631 \u0627\u0633\u0627\u0633 \u0631\u0648\u0632 \u0648 \u0641\u0635\u0644 (\u0634\u0627\u0645\u0644 \u06f2 \u06af\u0632\u06cc\u0646\u0647 \u0628\u0627 \u06af\u0648\u0634\u062a \u0648 \u06f2 \u06af\u0632\u06cc\u0646\u0647 \u0648\u06af\u0627\u0646).<br \/>\r\n\u0633\u0648\u067e \u0631\u0648\u0632<br \/>\r\n\u0633\u0627\u0644\u0627\u062f \u0628\u0627\u0631<br \/>\r\n\u0686\u0627\u06cc\u060c \u0642\u0647\u0648\u0647\u060c \u062f\u0633\u0631<br \/>\r\n<br \/>\r\nAikuiset: 13,99\u20ac<br \/>\r\nLapset: 9,99\u20ac<br \/>\r\nTai yht\u00e4 kallis kuin lounaskorttisi.<br \/>\r\n(ei lis\u00e4maksua)<br \/>\r\nLis\u00e4tietoja ruoista l\u00f6ytyy <a href=\"https:\/\/bibiravintola.fi\/en\/ruokalista\/\">t\u00e4\u00e4lt\u00e4<\/a><\/p><\/div><h2>Perjantai<\/h2><div class=\"lunch-item\"><p>MA-PE klo 10:30-16:00<br \/>\r\nGhormeh sabzi -muhennos (G, L)<br \/>\r\n                My\u00f6s vegaanisena<br \/>\r\nUunissa paistettua kanaa (G, L)<br \/>\r\nJauhelihapihvi  (L)<br \/>\r\nV\u00e4hint\u00e4\u00e4n kaksi erilaista riisisekoitusta (esim: T\u00e4hchin, \u00c4d\u00e4s-polo, Baghali-polo, ...) (G, L)<br \/>\r\nBasmatiriisi (G, L, V)<br \/>\r\nKasvispihvit: (esim: yrttipihvi, linssipihvi, perunapihvi, ...) (sis\u00e4lt\u00e4\u00e4 kananmunia, G, L, Vg)<br \/>\r\nJa 4 lis\u00e4\u00e4 ruokavaihtoehtoja p\u00e4iv\u00e4n ja kauden mukaan (sis\u00e4lt\u00e4\u00e4 2 lihalla ja 2 vegaanista).<br \/>\r\nP\u00e4iv\u00e4n keitto<br \/>\r\nSalaattip\u00f6yt\u00e4<br \/>\r\nTee, kahvi, j\u00e4lkiruoka<br \/>\r\n<br \/>\r\n\u0642\u0648\u0631\u0645\u0647\u200c\u0633\u0628\u0632\u06cc (G, L)<br \/>\r\n           \u0647\u0645\u0686\u0646\u06cc\u0646 \u0628\u0647 \u0635\u0648\u0631\u062a \u0648\u06af\u0627\u0646<br \/>\r\n\u0645\u0631\u063a \u067e\u062e\u062a\u0647 \u0634\u062f\u0647 \u062f\u0631 \u0641\u0631 (G, L)<br \/>\r\n\u06a9\u062a\u0644\u062a(L)<br \/>\r\n\u062d\u062f\u0627\u0642\u0644 \u062f\u0648 \u0646\u0648\u0639 \u0628\u0631\u0646\u062c \u0645\u062e\u0644\u0648\u0637 \u0645\u062a\u0641\u0627\u0648\u062a (\u0645\u062b\u0644: \u062a\u0647\u200c\u0686\u06cc\u0646\u060c \u0639\u062f\u0633\u200c\u067e\u0644\u0648\u060c \u0628\u0627\u0642\u0627\u0644\u06cc\u200c\u067e\u0644\u0648\u060c ...) (G, L)<br \/>\r\n\u0628\u0631\u0646\u062c \u0628\u0627\u0633\u0645\u0627\u062a\u06cc (G, L, V)<br \/>\r\n\u06a9\u0648\u06a9\u0648: (\u0645\u062b\u0644: \u06a9\u0648\u06a9\u0648\u06cc \u0633\u0628\u0632\u06cc\u060c \u06a9\u0648\u06a9\u0648\u06cc \u0639\u062f\u0633\u060c \u06a9\u0648\u06a9\u0648\u06cc \u0633\u06cc\u0628\u200c\u0632\u0645\u06cc\u0646\u06cc\u060c ...) (\u062d\u0627\u0648\u06cc \u062a\u062e\u0645\u200c\u0645\u0631\u063a\u060c G, L, Vg)<br \/>\r\n\u0648 \u06f4 \u06af\u0632\u06cc\u0646\u0647 \u063a\u0630\u0627\u06cc\u06cc \u062f\u06cc\u06af\u0631 \u0628\u0631 \u0627\u0633\u0627\u0633 \u0631\u0648\u0632 \u0648 \u0641\u0635\u0644 (\u0634\u0627\u0645\u0644 \u06f2 \u06af\u0632\u06cc\u0646\u0647 \u0628\u0627 \u06af\u0648\u0634\u062a \u0648 \u06f2 \u06af\u0632\u06cc\u0646\u0647 \u0648\u06af\u0627\u0646).<br \/>\r\n\u0633\u0648\u067e \u0631\u0648\u0632<br \/>\r\n\u0633\u0627\u0644\u0627\u062f \u0628\u0627\u0631<br \/>\r\n\u0686\u0627\u06cc\u060c \u0642\u0647\u0648\u0647\u060c \u062f\u0633\u0631<br \/>\r\n<br \/>\r\nAikuiset: 13,99\u20ac<br \/>\r\nLapset: 9,99\u20ac<br \/>\r\nTai yht\u00e4 kallis kuin lounaskorttisi.<br \/>\r\n(ei lis\u00e4maksua)<br \/>\r\nLis\u00e4tietoja ruoista l\u00f6ytyy <a href=\"https:\/\/bibiravintola.fi\/en\/ruokalista\/\">t\u00e4\u00e4lt\u00e4<\/a><\/p><\/div><\/div><\/div>\n\t\t\t\t\t\t<\/div>\n\t\t\t\t<\/div>\n\t\t\t\t<\/div>\n\t\t\t\t<\/div>\n\t\t\t\t\t<\/div>\n\t\t\t\t<\/div>\n\t\t\t\t<\/div>","protected":false},"excerpt":{"rendered":"","protected":false},"author":1,"featured_media":0,"parent":0,"menu_order":0,"comment_status":"closed","ping_status":"closed","template":"","meta":{"footnotes":""},"class_list":["post-225","page","type-page","status-publish","hentry"],"blocksy_meta":[],"yoast_head":"<!-- This site is optimized with the Yoast SEO plugin v27.3 - https:\/\/yoast.com\/product\/yoast-seo-wordpress\/ -->\n<title>Lounas - Bibi Ravintola<\/title>\n<meta name=\"robots\" content=\"index, follow, max-snippet:-1, max-image-preview:large, max-video-preview:-1\" \/>\n<link rel=\"canonical\" href=\"https:\/\/bibiravintola.fi\/en\/lounas\/\" \/>\n<meta property=\"og:locale\" content=\"en_GB\" \/>\n<meta property=\"og:type\" content=\"article\" \/>\n<meta property=\"og:title\" content=\"Lounas - Bibi Ravintola\" \/>\n<meta property=\"og:url\" content=\"https:\/\/bibiravintola.fi\/en\/lounas\/\" \/>\n<meta property=\"og:site_name\" content=\"Bibi Ravintola\" \/>\n<meta property=\"article:publisher\" content=\"https:\/\/www.facebook.com\/profile.php?id=61553647206050\" \/>\n<meta property=\"article:modified_time\" content=\"2026-04-08T06:32:44+00:00\" \/>\n<meta name=\"twitter:card\" content=\"summary_large_image\" \/>\n<script type=\"application\/ld+json\" class=\"yoast-schema-graph\">{\"@context\":\"https:\\\/\\\/schema.org\",\"@graph\":[{\"@type\":\"WebPage\",\"@id\":\"https:\\\/\\\/bibiravintola.fi\\\/lounas\\\/\",\"url\":\"https:\\\/\\\/bibiravintola.fi\\\/lounas\\\/\",\"name\":\"Lounas - Bibi Ravintola\",\"isPartOf\":{\"@id\":\"https:\\\/\\\/bibiravintola.fi\\\/#website\"},\"datePublished\":\"2023-11-26T10:24:43+00:00\",\"dateModified\":\"2026-04-08T06:32:44+00:00\",\"breadcrumb\":{\"@id\":\"https:\\\/\\\/bibiravintola.fi\\\/lounas\\\/#breadcrumb\"},\"inLanguage\":\"en-GB\",\"potentialAction\":[{\"@type\":\"ReadAction\",\"target\":[\"https:\\\/\\\/bibiravintola.fi\\\/lounas\\\/\"]}]},{\"@type\":\"BreadcrumbList\",\"@id\":\"https:\\\/\\\/bibiravintola.fi\\\/lounas\\\/#breadcrumb\",\"itemListElement\":[{\"@type\":\"ListItem\",\"position\":1,\"name\":\"Home\",\"item\":\"https:\\\/\\\/bibiravintola.fi\\\/\"},{\"@type\":\"ListItem\",\"position\":2,\"name\":\"Lounas\"}]},{\"@type\":\"WebSite\",\"@id\":\"https:\\\/\\\/bibiravintola.fi\\\/#website\",\"url\":\"https:\\\/\\\/bibiravintola.fi\\\/\",\"name\":\"Bibi Restaurant\",\"description\":\"\",\"publisher\":{\"@id\":\"https:\\\/\\\/bibiravintola.fi\\\/#organization\"},\"potentialAction\":[{\"@type\":\"SearchAction\",\"target\":{\"@type\":\"EntryPoint\",\"urlTemplate\":\"https:\\\/\\\/bibiravintola.fi\\\/?s={search_term_string}\"},\"query-input\":{\"@type\":\"PropertyValueSpecification\",\"valueRequired\":true,\"valueName\":\"search_term_string\"}}],\"inLanguage\":\"en-GB\"},{\"@type\":\"Organization\",\"@id\":\"https:\\\/\\\/bibiravintola.fi\\\/#organization\",\"name\":\"Bibi Restaurant\",\"url\":\"https:\\\/\\\/bibiravintola.fi\\\/\",\"logo\":{\"@type\":\"ImageObject\",\"inLanguage\":\"en-GB\",\"@id\":\"https:\\\/\\\/bibiravintola.fi\\\/#\\\/schema\\\/logo\\\/image\\\/\",\"url\":\"https:\\\/\\\/bibiravintola.fi\\\/wp-content\\\/uploads\\\/2023\\\/11\\\/logo.webp\",\"contentUrl\":\"https:\\\/\\\/bibiravintola.fi\\\/wp-content\\\/uploads\\\/2023\\\/11\\\/logo.webp\",\"width\":900,\"height\":1126,\"caption\":\"Bibi Restaurant\"},\"image\":{\"@id\":\"https:\\\/\\\/bibiravintola.fi\\\/#\\\/schema\\\/logo\\\/image\\\/\"},\"sameAs\":[\"https:\\\/\\\/www.facebook.com\\\/profile.php?id=61553647206050\"]}]}<\/script>\n<!-- \/ Yoast SEO plugin. -->","yoast_head_json":{"title":"Lounas - Bibi Ravintola","robots":{"index":"index","follow":"follow","max-snippet":"max-snippet:-1","max-image-preview":"max-image-preview:large","max-video-preview":"max-video-preview:-1"},"canonical":"https:\/\/bibiravintola.fi\/en\/lounas\/","og_locale":"en_GB","og_type":"article","og_title":"Lounas - Bibi Ravintola","og_url":"https:\/\/bibiravintola.fi\/en\/lounas\/","og_site_name":"Bibi Ravintola","article_publisher":"https:\/\/www.facebook.com\/profile.php?id=61553647206050","article_modified_time":"2026-04-08T06:32:44+00:00","twitter_card":"summary_large_image","schema":{"@context":"https:\/\/schema.org","@graph":[{"@type":"WebPage","@id":"https:\/\/bibiravintola.fi\/lounas\/","url":"https:\/\/bibiravintola.fi\/lounas\/","name":"Lounas - Bibi Ravintola","isPartOf":{"@id":"https:\/\/bibiravintola.fi\/#website"},"datePublished":"2023-11-26T10:24:43+00:00","dateModified":"2026-04-08T06:32:44+00:00","breadcrumb":{"@id":"https:\/\/bibiravintola.fi\/lounas\/#breadcrumb"},"inLanguage":"en-GB","potentialAction":[{"@type":"ReadAction","target":["https:\/\/bibiravintola.fi\/lounas\/"]}]},{"@type":"BreadcrumbList","@id":"https:\/\/bibiravintola.fi\/lounas\/#breadcrumb","itemListElement":[{"@type":"ListItem","position":1,"name":"Home","item":"https:\/\/bibiravintola.fi\/"},{"@type":"ListItem","position":2,"name":"Lounas"}]},{"@type":"WebSite","@id":"https:\/\/bibiravintola.fi\/#website","url":"https:\/\/bibiravintola.fi\/","name":"Bibi Restaurant","description":"","publisher":{"@id":"https:\/\/bibiravintola.fi\/#organization"},"potentialAction":[{"@type":"SearchAction","target":{"@type":"EntryPoint","urlTemplate":"https:\/\/bibiravintola.fi\/?s={search_term_string}"},"query-input":{"@type":"PropertyValueSpecification","valueRequired":true,"valueName":"search_term_string"}}],"inLanguage":"en-GB"},{"@type":"Organization","@id":"https:\/\/bibiravintola.fi\/#organization","name":"Bibi Restaurant","url":"https:\/\/bibiravintola.fi\/","logo":{"@type":"ImageObject","inLanguage":"en-GB","@id":"https:\/\/bibiravintola.fi\/#\/schema\/logo\/image\/","url":"https:\/\/bibiravintola.fi\/wp-content\/uploads\/2023\/11\/logo.webp","contentUrl":"https:\/\/bibiravintola.fi\/wp-content\/uploads\/2023\/11\/logo.webp","width":900,"height":1126,"caption":"Bibi Restaurant"},"image":{"@id":"https:\/\/bibiravintola.fi\/#\/schema\/logo\/image\/"},"sameAs":["https:\/\/www.facebook.com\/profile.php?id=61553647206050"]}]}},"_links":{"self":[{"href":"https:\/\/bibiravintola.fi\/en\/wp-json\/wp\/v2\/pages\/225","targetHints":{"allow":["GET"]}}],"collection":[{"href":"https:\/\/bibiravintola.fi\/en\/wp-json\/wp\/v2\/pages"}],"about":[{"href":"https:\/\/bibiravintola.fi\/en\/wp-json\/wp\/v2\/types\/page"}],"author":[{"embeddable":true,"href":"https:\/\/bibiravintola.fi\/en\/wp-json\/wp\/v2\/users\/1"}],"replies":[{"embeddable":true,"href":"https:\/\/bibiravintola.fi\/en\/wp-json\/wp\/v2\/comments?post=225"}],"version-history":[{"count":70,"href":"https:\/\/bibiravintola.fi\/en\/wp-json\/wp\/v2\/pages\/225\/revisions"}],"predecessor-version":[{"id":1237,"href":"https:\/\/bibiravintola.fi\/en\/wp-json\/wp\/v2\/pages\/225\/revisions\/1237"}],"wp:attachment":[{"href":"https:\/\/bibiravintola.fi\/en\/wp-json\/wp\/v2\/media?parent=225"}],"curies":[{"name":"wp","href":"https:\/\/api.w.org\/{rel}","templated":true}]}}